{"id":9,"date":"2017-04-25T12:21:35","date_gmt":"2017-04-25T10:21:35","guid":{"rendered":"https:\/\/bonagro.eu\/?page_id=9"},"modified":"2026-04-15T10:51:10","modified_gmt":"2026-04-15T08:51:10","slug":"contact-2","status":"publish","type":"page","link":"https:\/\/zphvezdlice.cz\/index.php\/contact-2\/","title":{"rendered":"Kontakty"},"content":{"rendered":"<ul>\n<li style=\"list-style-type: none;\">\n<ul>\n<li><strong>P\u0159edseda spr\u00e1vn\u00ed rady<\/strong><br \/>\nIng. Roman Zv\u011b\u0159ina<\/p>\n<p class=\"p1\"><span class=\"s1\"><a href=\"tel:+420517358624\">+420 517 358 624<\/a><\/span><br \/>\n<a href=\"mailto:info@zphvezdlice.cz\"><span class=\"s1\">info@zphvezdlice.cz<\/span><\/a><\/p>\n<\/li>\n<\/ul>\n<\/li>\n<\/ul>\n<ul>\n<li style=\"list-style-type: none;\"><\/li>\n<\/ul>\n<ul>\n<li style=\"list-style-type: none;\"><\/li>\n<\/ul>\n<ul>\n<li style=\"list-style-type: none;\"><\/li>\n<\/ul>\n","protected":false},"excerpt":{"rendered":"<p>P\u0159edseda spr\u00e1vn\u00ed rady Ing. Roman Zv\u011b\u0159ina +420 517 358 624 info@zphvezdlice.cz<\/p>\n","protected":false},"author":1,"featured_media":0,"parent":0,"menu_order":0,"comment_status":"closed","ping_status":"closed","template":"","meta":{"footnotes":""},"class_list":["post-9","page","type-page","status-publish","hentry"],"_links":{"self":[{"href":"https:\/\/zphvezdlice.cz\/index.php\/wp-json\/wp\/v2\/pages\/9","targetHints":{"allow":["GET"]}}],"collection":[{"href":"https:\/\/zphvezdlice.cz\/index.php\/wp-json\/wp\/v2\/pages"}],"about":[{"href":"https:\/\/zphvezdlice.cz\/index.php\/wp-json\/wp\/v2\/types\/page"}],"author":[{"embeddable":true,"href":"https:\/\/zphvezdlice.cz\/index.php\/wp-json\/wp\/v2\/users\/1"}],"replies":[{"embeddable":true,"href":"https:\/\/zphvezdlice.cz\/index.php\/wp-json\/wp\/v2\/comments?post=9"}],"version-history":[{"count":23,"href":"https:\/\/zphvezdlice.cz\/index.php\/wp-json\/wp\/v2\/pages\/9\/revisions"}],"predecessor-version":[{"id":843,"href":"https:\/\/zphvezdlice.cz\/index.php\/wp-json\/wp\/v2\/pages\/9\/revisions\/843"}],"wp:attachment":[{"href":"https:\/\/zphvezdlice.cz\/index.php\/wp-json\/wp\/v2\/media?parent=9"}],"curies":[{"name":"wp","href":"https:\/\/api.w.org\/{rel}","templated":true}]}}